{"id":108,"date":"2023-05-31T13:20:39","date_gmt":"2023-05-31T11:20:39","guid":{"rendered":"https:\/\/reznor.pl\/?page_id=108"},"modified":"2024-09-09T10:31:36","modified_gmt":"2024-09-09T08:31:36","slug":"destratyfikatory","status":"publish","type":"page","link":"https:\/\/reznor.pl\/index.php\/produkty\/destratyfikatory\/","title":{"rendered":"Destratyfikatory Reznor typ DS"},"content":{"rendered":"\n<p class=\"has-text-color has-large-font-size\" style=\"color:#771414\"><strong>Destratyfikator Reznor typ DS<\/strong><\/p>\n\n\n\n<p class=\"has-medium-font-size\">Wentylatory destratyfikacyjne odwracaj\u0105 naturalny proces konwekcji, recyrkuluj\u0105c ciep\u0142e powietrze z powrotem do poziomu roboczego.<\/p>\n\n\n\n<p class=\"has-medium-font-size\">W ka\u017cdej przestrzeni ciep\u0142o w naturalny spos\u00f3b unosi si\u0119 do poziomu sufitu, co utrudnia ogrzewanie obszar\u00f3w z wysokimi sufitami przy poziomie posadzki.&nbsp;Wentylatory destratyfikacyjne s\u0105 przeznaczone do recyrkulacji ciep\u0142ego powietrza, gdy podnosi si\u0119 ono z powrotem do po\u017c\u0105danego poziomu.<\/p>\n\n\n\n<p class=\"has-medium-font-size\">Uzupe\u0142nia tradycyjne systemy grzewcze, w kt\u00f3rych utrzymanie ciep\u0142ego powietrza na niskim poziomie mo\u017ce by\u0107 problematyczne.<\/p>\n\n\n\n<p class=\"has-text-color has-medium-font-size\" style=\"color:#771114\"><strong>Kluczowe cechy:<\/strong><\/p>\n\n\n\n<ul class=\"wp-block-list\">\n<li class=\"has-medium-font-size\">Obni\u017cone rachunki za paliwo dzi\u0119ki wyeliminowaniu gromadzenia si\u0119 ciep\u0142a w przestrzeniach dachowych;<\/li>\n\n\n\n<li class=\"has-medium-font-size\">Wykorzystuje dodatkowe ciep\u0142o wytwarzane przez o\u015bwietlenie i maszyny, rozprowadzaj\u0105c je do \u017c\u0105danego obszaru;<\/li>\n\n\n\n<li class=\"has-medium-font-size\">Skraca czas wst\u0119pnego nagrzewania.<\/li>\n<\/ul>\n\n\n\n<figure class=\"wp-block-image size-large\"><img loading=\"lazy\" decoding=\"async\" width=\"1024\" height=\"656\" src=\"https:\/\/reznor.pl\/wp-content\/uploads\/2023\/06\/DS-dane-techniczne-1024x656.jpg\" alt=\"DS dane techniczne\" class=\"wp-image-156\" srcset=\"https:\/\/reznor.pl\/wp-content\/uploads\/2023\/06\/DS-dane-techniczne-1024x656.jpg 1024w, https:\/\/reznor.pl\/wp-content\/uploads\/2023\/06\/DS-dane-techniczne-800x513.jpg 800w, https:\/\/reznor.pl\/wp-content\/uploads\/2023\/06\/DS-dane-techniczne-300x192.jpg 300w, https:\/\/reznor.pl\/wp-content\/uploads\/2023\/06\/DS-dane-techniczne-768x492.jpg 768w, https:\/\/reznor.pl\/wp-content\/uploads\/2023\/06\/DS-dane-techniczne.jpg 1038w\" sizes=\"auto, (max-width: 1024px) 100vw, 1024px\" \/><\/figure>\n\n\n\n<figure class=\"wp-block-image size-large\"><img loading=\"lazy\" decoding=\"async\" width=\"1024\" height=\"677\" src=\"https:\/\/reznor.pl\/wp-content\/uploads\/2023\/06\/DS-wymiary-i-waga-1024x677.jpg\" alt=\"DS wymiary i waga\" class=\"wp-image-157\" srcset=\"https:\/\/reznor.pl\/wp-content\/uploads\/2023\/06\/DS-wymiary-i-waga-1024x677.jpg 1024w, https:\/\/reznor.pl\/wp-content\/uploads\/2023\/06\/DS-wymiary-i-waga-800x529.jpg 800w, https:\/\/reznor.pl\/wp-content\/uploads\/2023\/06\/DS-wymiary-i-waga-300x198.jpg 300w, https:\/\/reznor.pl\/wp-content\/uploads\/2023\/06\/DS-wymiary-i-waga-768x508.jpg 768w, https:\/\/reznor.pl\/wp-content\/uploads\/2023\/06\/DS-wymiary-i-waga.jpg 1035w\" sizes=\"auto, (max-width: 1024px) 100vw, 1024px\" \/><\/figure>\n","protected":false},"excerpt":{"rendered":"<p>Destratyfikator Reznor typ DS Wentylatory destratyfikacyjne odwracaj\u0105 naturalny proces konwekcji, recyrkuluj\u0105c ciep\u0142e powietrze z powrotem do poziomu roboczego. W ka\u017cdej przestrzeni ciep\u0142o [&hellip;]<\/p>\n","protected":false},"author":1,"featured_media":105,"parent":58,"menu_order":-1,"comment_status":"closed","ping_status":"closed","template":"","meta":{"footnotes":""},"class_list":["post-108","page","type-page","status-publish","has-post-thumbnail","hentry"],"yoast_head":"<!-- This site is optimized with the Yoast SEO plugin v27.6 - https:\/\/yoast.com\/product\/yoast-seo-wordpress\/ -->\n<title>Destratyfikatory Reznor typ DS - Reznor<\/title>\n<meta name=\"description\" content=\"Wentylatory destratyfikacyjne odwracaj\u0105 naturalny proces konwekcji, recyrkuluj\u0105c ciep\u0142e powietrze z powrotem do poziomu roboczego.\" \/>\n<meta name=\"robots\" content=\"index, follow, max-snippet:-1, max-image-preview:large, max-video-preview:-1\" \/>\n<link rel=\"canonical\" href=\"https:\/\/reznor.pl\/index.php\/reznor-2\/destratyfikatory\/\" \/>\n<meta property=\"og:locale\" content=\"pl_PL\" \/>\n<meta property=\"og:type\" content=\"article\" \/>\n<meta property=\"og:title\" content=\"Destratyfikatory Reznor typ DS - Reznor\" \/>\n<meta property=\"og:description\" content=\"Wentylatory destratyfikacyjne odwracaj\u0105 naturalny proces konwekcji, recyrkuluj\u0105c ciep\u0142e powietrze z powrotem do poziomu roboczego.\" \/>\n<meta property=\"og:url\" content=\"https:\/\/reznor.pl\/index.php\/reznor-2\/destratyfikatory\/\" \/>\n<meta property=\"og:site_name\" content=\"Reznor\" \/>\n<meta property=\"article:modified_time\" content=\"2024-09-09T08:31:36+00:00\" \/>\n<meta property=\"og:image\" content=\"https:\/\/reznor.pl\/wp-content\/uploads\/2023\/05\/Destratyfikator.jpg\" \/>\n\t<meta property=\"og:image:width\" content=\"332\" \/>\n\t<meta property=\"og:image:height\" content=\"295\" \/>\n\t<meta property=\"og:image:type\" content=\"image\/jpeg\" \/>\n<meta name=\"twitter:card\" content=\"summary_large_image\" \/>\n<meta name=\"twitter:label1\" content=\"Szacowany czas czytania\" \/>\n\t<meta name=\"twitter:data1\" content=\"2 minuty\" \/>\n<script type=\"application\/ld+json\" class=\"yoast-schema-graph\">{\"@context\":\"https:\\\/\\\/schema.org\",\"@graph\":[{\"@type\":\"WebPage\",\"@id\":\"https:\\\/\\\/reznor.pl\\\/index.php\\\/reznor-2\\\/destratyfikatory\\\/\",\"url\":\"https:\\\/\\\/reznor.pl\\\/index.php\\\/reznor-2\\\/destratyfikatory\\\/\",\"name\":\"Destratyfikatory Reznor typ DS - Reznor\",\"isPartOf\":{\"@id\":\"https:\\\/\\\/reznor.pl\\\/#website\"},\"primaryImageOfPage\":{\"@id\":\"https:\\\/\\\/reznor.pl\\\/index.php\\\/reznor-2\\\/destratyfikatory\\\/#primaryimage\"},\"image\":{\"@id\":\"https:\\\/\\\/reznor.pl\\\/index.php\\\/reznor-2\\\/destratyfikatory\\\/#primaryimage\"},\"thumbnailUrl\":\"https:\\\/\\\/reznor.pl\\\/wp-content\\\/uploads\\\/2023\\\/05\\\/Destratyfikator.jpg\",\"datePublished\":\"2023-05-31T11:20:39+00:00\",\"dateModified\":\"2024-09-09T08:31:36+00:00\",\"description\":\"Wentylatory destratyfikacyjne odwracaj\u0105 naturalny proces konwekcji, recyrkuluj\u0105c ciep\u0142e powietrze z powrotem do poziomu roboczego.\",\"breadcrumb\":{\"@id\":\"https:\\\/\\\/reznor.pl\\\/index.php\\\/reznor-2\\\/destratyfikatory\\\/#breadcrumb\"},\"inLanguage\":\"pl-PL\",\"potentialAction\":[{\"@type\":\"ReadAction\",\"target\":[\"https:\\\/\\\/reznor.pl\\\/index.php\\\/reznor-2\\\/destratyfikatory\\\/\"]}]},{\"@type\":\"ImageObject\",\"inLanguage\":\"pl-PL\",\"@id\":\"https:\\\/\\\/reznor.pl\\\/index.php\\\/reznor-2\\\/destratyfikatory\\\/#primaryimage\",\"url\":\"https:\\\/\\\/reznor.pl\\\/wp-content\\\/uploads\\\/2023\\\/05\\\/Destratyfikator.jpg\",\"contentUrl\":\"https:\\\/\\\/reznor.pl\\\/wp-content\\\/uploads\\\/2023\\\/05\\\/Destratyfikator.jpg\",\"width\":332,\"height\":295,\"caption\":\"Destratyfikator\"},{\"@type\":\"BreadcrumbList\",\"@id\":\"https:\\\/\\\/reznor.pl\\\/index.php\\\/reznor-2\\\/destratyfikatory\\\/#breadcrumb\",\"itemListElement\":[{\"@type\":\"ListItem\",\"position\":1,\"name\":\"Strona g\u0142\u00f3wna\",\"item\":\"https:\\\/\\\/reznor.pl\\\/\"},{\"@type\":\"ListItem\",\"position\":2,\"name\":\"Produkty\",\"item\":\"https:\\\/\\\/reznor.pl\\\/\"},{\"@type\":\"ListItem\",\"position\":3,\"name\":\"Destratyfikatory Reznor typ DS\"}]},{\"@type\":\"WebSite\",\"@id\":\"https:\\\/\\\/reznor.pl\\\/#website\",\"url\":\"https:\\\/\\\/reznor.pl\\\/\",\"name\":\"Reznor\",\"description\":\"Od ponad 137 lat ufamy, \u017ce przekraczamy oczekiwania naszych klient\u00f3w, dostarczaj\u0105c skuteczne i ekonomiczne produkty i rozwi\u0105zania dzi\u0119ki wiedzy specjalistycznej, partnerstwu i innowacjom.\",\"potentialAction\":[{\"@type\":\"SearchAction\",\"target\":{\"@type\":\"EntryPoint\",\"urlTemplate\":\"https:\\\/\\\/reznor.pl\\\/?s={search_term_string}\"},\"query-input\":{\"@type\":\"PropertyValueSpecification\",\"valueRequired\":true,\"valueName\":\"search_term_string\"}}],\"inLanguage\":\"pl-PL\"}]}<\/script>\n<!-- \/ Yoast SEO plugin. -->","yoast_head_json":{"title":"Destratyfikatory Reznor typ DS - Reznor","description":"Wentylatory destratyfikacyjne odwracaj\u0105 naturalny proces konwekcji, recyrkuluj\u0105c ciep\u0142e powietrze z powrotem do poziomu roboczego.","robots":{"index":"index","follow":"follow","max-snippet":"max-snippet:-1","max-image-preview":"max-image-preview:large","max-video-preview":"max-video-preview:-1"},"canonical":"https:\/\/reznor.pl\/index.php\/reznor-2\/destratyfikatory\/","og_locale":"pl_PL","og_type":"article","og_title":"Destratyfikatory Reznor typ DS - Reznor","og_description":"Wentylatory destratyfikacyjne odwracaj\u0105 naturalny proces konwekcji, recyrkuluj\u0105c ciep\u0142e powietrze z powrotem do poziomu roboczego.","og_url":"https:\/\/reznor.pl\/index.php\/reznor-2\/destratyfikatory\/","og_site_name":"Reznor","article_modified_time":"2024-09-09T08:31:36+00:00","og_image":[{"width":332,"height":295,"url":"https:\/\/reznor.pl\/wp-content\/uploads\/2023\/05\/Destratyfikator.jpg","type":"image\/jpeg"}],"twitter_card":"summary_large_image","twitter_misc":{"Szacowany czas czytania":"2 minuty"},"schema":{"@context":"https:\/\/schema.org","@graph":[{"@type":"WebPage","@id":"https:\/\/reznor.pl\/index.php\/reznor-2\/destratyfikatory\/","url":"https:\/\/reznor.pl\/index.php\/reznor-2\/destratyfikatory\/","name":"Destratyfikatory Reznor typ DS - Reznor","isPartOf":{"@id":"https:\/\/reznor.pl\/#website"},"primaryImageOfPage":{"@id":"https:\/\/reznor.pl\/index.php\/reznor-2\/destratyfikatory\/#primaryimage"},"image":{"@id":"https:\/\/reznor.pl\/index.php\/reznor-2\/destratyfikatory\/#primaryimage"},"thumbnailUrl":"https:\/\/reznor.pl\/wp-content\/uploads\/2023\/05\/Destratyfikator.jpg","datePublished":"2023-05-31T11:20:39+00:00","dateModified":"2024-09-09T08:31:36+00:00","description":"Wentylatory destratyfikacyjne odwracaj\u0105 naturalny proces konwekcji, recyrkuluj\u0105c ciep\u0142e powietrze z powrotem do poziomu roboczego.","breadcrumb":{"@id":"https:\/\/reznor.pl\/index.php\/reznor-2\/destratyfikatory\/#breadcrumb"},"inLanguage":"pl-PL","potentialAction":[{"@type":"ReadAction","target":["https:\/\/reznor.pl\/index.php\/reznor-2\/destratyfikatory\/"]}]},{"@type":"ImageObject","inLanguage":"pl-PL","@id":"https:\/\/reznor.pl\/index.php\/reznor-2\/destratyfikatory\/#primaryimage","url":"https:\/\/reznor.pl\/wp-content\/uploads\/2023\/05\/Destratyfikator.jpg","contentUrl":"https:\/\/reznor.pl\/wp-content\/uploads\/2023\/05\/Destratyfikator.jpg","width":332,"height":295,"caption":"Destratyfikator"},{"@type":"BreadcrumbList","@id":"https:\/\/reznor.pl\/index.php\/reznor-2\/destratyfikatory\/#breadcrumb","itemListElement":[{"@type":"ListItem","position":1,"name":"Strona g\u0142\u00f3wna","item":"https:\/\/reznor.pl\/"},{"@type":"ListItem","position":2,"name":"Produkty","item":"https:\/\/reznor.pl\/"},{"@type":"ListItem","position":3,"name":"Destratyfikatory Reznor typ DS"}]},{"@type":"WebSite","@id":"https:\/\/reznor.pl\/#website","url":"https:\/\/reznor.pl\/","name":"Reznor","description":"Od ponad 137 lat ufamy, \u017ce przekraczamy oczekiwania naszych klient\u00f3w, dostarczaj\u0105c skuteczne i ekonomiczne produkty i rozwi\u0105zania dzi\u0119ki wiedzy specjalistycznej, partnerstwu i innowacjom.","potentialAction":[{"@type":"SearchAction","target":{"@type":"EntryPoint","urlTemplate":"https:\/\/reznor.pl\/?s={search_term_string}"},"query-input":{"@type":"PropertyValueSpecification","valueRequired":true,"valueName":"search_term_string"}}],"inLanguage":"pl-PL"}]}},"_links":{"self":[{"href":"https:\/\/reznor.pl\/index.php\/wp-json\/wp\/v2\/pages\/108","targetHints":{"allow":["GET"]}}],"collection":[{"href":"https:\/\/reznor.pl\/index.php\/wp-json\/wp\/v2\/pages"}],"about":[{"href":"https:\/\/reznor.pl\/index.php\/wp-json\/wp\/v2\/types\/page"}],"author":[{"embeddable":true,"href":"https:\/\/reznor.pl\/index.php\/wp-json\/wp\/v2\/users\/1"}],"replies":[{"embeddable":true,"href":"https:\/\/reznor.pl\/index.php\/wp-json\/wp\/v2\/comments?post=108"}],"version-history":[{"count":9,"href":"https:\/\/reznor.pl\/index.php\/wp-json\/wp\/v2\/pages\/108\/revisions"}],"predecessor-version":[{"id":231,"href":"https:\/\/reznor.pl\/index.php\/wp-json\/wp\/v2\/pages\/108\/revisions\/231"}],"up":[{"embeddable":true,"href":"https:\/\/reznor.pl\/index.php\/wp-json\/wp\/v2\/pages\/58"}],"wp:featuredmedia":[{"embeddable":true,"href":"https:\/\/reznor.pl\/index.php\/wp-json\/wp\/v2\/media\/105"}],"wp:attachment":[{"href":"https:\/\/reznor.pl\/index.php\/wp-json\/wp\/v2\/media?parent=108"}],"curies":[{"name":"wp","href":"https:\/\/api.w.org\/{rel}","templated":true}]}}