{"id":58,"date":"2023-05-29T20:38:19","date_gmt":"2023-05-29T18:38:19","guid":{"rendered":"https:\/\/reznor.pl\/?page_id=58"},"modified":"2025-07-11T10:30:18","modified_gmt":"2025-07-11T08:30:18","slug":"produkty","status":"publish","type":"page","link":"https:\/\/reznor.pl\/","title":{"rendered":"Produkty"},"content":{"rendered":"\n<h2 class=\"wp-block-heading has-text-color has-link-color has-large-font-size wp-elements-250679b047b5f6d51d1d84d8d5e0b3d1\" style=\"color:#771414\"><strong>Nagrzewnice gazowe Reznor typ Photon<\/strong><\/h2>\n\n\n\n<h3 class=\"wp-block-heading has-text-color has-link-color has-medium-font-size wp-elements-987efd3c4a3bf68857a6e89bf74084ec\" style=\"color:#771414\"><strong>PHOTON<\/strong>&nbsp;to nasza najnowszej generacji podwieszana nagrzewnica gazowa.&nbsp;Mo\u017ce by\u0107 u\u017cywana do ogrzewania du\u017cych\u202f&nbsp;powierzchni komercyjnych, przemys\u0142owych i handlowych&nbsp;<\/h3>\n\n\n\n<h3 class=\"wp-block-heading has-text-color has-link-color has-medium-font-size wp-elements-d0eabef8db1ec56e2a086e7ac7b5b049\" style=\"color:#771414\"><strong>Cechy:<\/strong>&nbsp;<\/h3>\n\n\n\n<ul class=\"wp-block-list\">\n<li>W pe\u0142ni modulowany palnik gazowy&nbsp;<\/li>\n\n\n\n<li>Wysokowydajny wentylator osiowy&nbsp;<\/li>\n\n\n\n<li>4-stopniowy wymiennik ciep\u0142a ze stali aluminizowanej, kt\u00f3ry zapewnia wysok\u0105 sprawno\u015b\u0107 ciepln\u0105 po\u0142\u0105czon\u0105 z\u202f&nbsp;d\u0142ug\u0105&nbsp;\u202f\u017cywotno\u015bci\u0105&nbsp;<\/li>\n\n\n\n<li>Nagrzewnica niekondensacyjna oznaczaj\u0105ca mniej potrzebnych po\u0142\u0105cze\u0144, co zwi\u0119ksza \u0142atwo\u015b\u0107 instalacji&nbsp;<\/li>\n<\/ul>\n\n\n\n<h4 class=\"wp-block-heading\">\u200bZaawansowana technologia i udoskonalony estetyczny wygl\u0105d\u202f&nbsp;zapewniaj\u0105&nbsp;\u202fdobry wygl\u0105d otoczenia przy jednoczesnym zapewnieniu komfortowej\u202f&nbsp;temperatury.&nbsp;\u200b<\/h4>\n\n\n\n<figure class=\"wp-block-image aligncenter size-full\"><img loading=\"lazy\" decoding=\"async\" width=\"754\" height=\"769\" src=\"https:\/\/reznor.pl\/wp-content\/uploads\/2023\/06\/Photon-dane-techniczne.jpg\" alt=\"Photon-dane-techniczne\" class=\"wp-image-181\" srcset=\"https:\/\/reznor.pl\/wp-content\/uploads\/2023\/06\/Photon-dane-techniczne.jpg 754w, https:\/\/reznor.pl\/wp-content\/uploads\/2023\/06\/Photon-dane-techniczne-600x612.jpg 600w, https:\/\/reznor.pl\/wp-content\/uploads\/2023\/06\/Photon-dane-techniczne-294x300.jpg 294w\" sizes=\"auto, (max-width: 754px) 100vw, 754px\" \/><\/figure>\n\n\n\n<figure class=\"wp-block-image aligncenter size-full\"><img loading=\"lazy\" decoding=\"async\" width=\"841\" height=\"254\" src=\"https:\/\/reznor.pl\/wp-content\/uploads\/2023\/06\/Photon-dane-techniczne-2.jpg\" alt=\"\" class=\"wp-image-182\" srcset=\"https:\/\/reznor.pl\/wp-content\/uploads\/2023\/06\/Photon-dane-techniczne-2.jpg 841w, https:\/\/reznor.pl\/wp-content\/uploads\/2023\/06\/Photon-dane-techniczne-2-800x242.jpg 800w, https:\/\/reznor.pl\/wp-content\/uploads\/2023\/06\/Photon-dane-techniczne-2-300x91.jpg 300w, https:\/\/reznor.pl\/wp-content\/uploads\/2023\/06\/Photon-dane-techniczne-2-768x232.jpg 768w\" sizes=\"auto, (max-width: 841px) 100vw, 841px\" \/><\/figure>\n","protected":false},"excerpt":{"rendered":"<p>Nagrzewnice gazowe Reznor typ Photon PHOTON&nbsp;to nasza najnowszej generacji podwieszana nagrzewnica gazowa.&nbsp;Mo\u017ce by\u0107 u\u017cywana do ogrzewania du\u017cych\u202f&nbsp;powierzchni komercyjnych, przemys\u0142owych i handlowych&nbsp; Cechy:&nbsp; [&hellip;]<\/p>\n","protected":false},"author":1,"featured_media":0,"parent":0,"menu_order":0,"comment_status":"closed","ping_status":"closed","template":"","meta":{"footnotes":""},"class_list":["post-58","page","type-page","status-publish","hentry"],"yoast_head":"<!-- This site is optimized with the Yoast SEO plugin v27.3 - https:\/\/yoast.com\/product\/yoast-seo-wordpress\/ -->\n<title>Produkty - Reznor<\/title>\n<meta name=\"description\" content=\"Reznor typ Photon to nasza najnowszej generacji podwieszana nagrzewnica gazowa. Zastosowanie: komercyjne, przemys\u0142owe i handlowe\u00a0\" \/>\n<meta name=\"robots\" content=\"index, follow, max-snippet:-1, max-image-preview:large, max-video-preview:-1\" \/>\n<link rel=\"canonical\" href=\"https:\/\/reznor.pl\/\" \/>\n<meta property=\"og:locale\" content=\"pl_PL\" \/>\n<meta property=\"og:type\" content=\"article\" \/>\n<meta property=\"og:title\" content=\"Produkty - Reznor\" \/>\n<meta property=\"og:description\" content=\"Reznor typ Photon to nasza najnowszej generacji podwieszana nagrzewnica gazowa. Zastosowanie: komercyjne, przemys\u0142owe i handlowe\u00a0\" \/>\n<meta property=\"og:url\" content=\"https:\/\/reznor.pl\/\" \/>\n<meta property=\"og:site_name\" content=\"Reznor\" \/>\n<meta property=\"article:modified_time\" content=\"2025-07-11T08:30:18+00:00\" \/>\n<meta property=\"og:image\" content=\"https:\/\/reznor.pl\/wp-content\/uploads\/2023\/06\/Photon-dane-techniczne.jpg\" \/>\n\t<meta property=\"og:image:width\" content=\"754\" \/>\n\t<meta property=\"og:image:height\" content=\"769\" \/>\n\t<meta property=\"og:image:type\" content=\"image\/jpeg\" \/>\n<meta name=\"twitter:card\" content=\"summary_large_image\" \/>\n<meta name=\"twitter:label1\" content=\"Szacowany czas czytania\" \/>\n\t<meta name=\"twitter:data1\" content=\"1 minuta\" \/>\n<script type=\"application\/ld+json\" class=\"yoast-schema-graph\">{\"@context\":\"https:\\\/\\\/schema.org\",\"@graph\":[{\"@type\":\"WebPage\",\"@id\":\"https:\\\/\\\/reznor.pl\\\/\",\"url\":\"https:\\\/\\\/reznor.pl\\\/\",\"name\":\"Produkty - Reznor\",\"isPartOf\":{\"@id\":\"https:\\\/\\\/reznor.pl\\\/#website\"},\"primaryImageOfPage\":{\"@id\":\"https:\\\/\\\/reznor.pl\\\/#primaryimage\"},\"image\":{\"@id\":\"https:\\\/\\\/reznor.pl\\\/#primaryimage\"},\"thumbnailUrl\":\"https:\\\/\\\/reznor.pl\\\/wp-content\\\/uploads\\\/2023\\\/06\\\/Photon-dane-techniczne.jpg\",\"datePublished\":\"2023-05-29T18:38:19+00:00\",\"dateModified\":\"2025-07-11T08:30:18+00:00\",\"description\":\"Reznor typ Photon to nasza najnowszej generacji podwieszana nagrzewnica gazowa. Zastosowanie: komercyjne, przemys\u0142owe i handlowe\u00a0\",\"breadcrumb\":{\"@id\":\"https:\\\/\\\/reznor.pl\\\/#breadcrumb\"},\"inLanguage\":\"pl-PL\",\"potentialAction\":[{\"@type\":\"ReadAction\",\"target\":[\"https:\\\/\\\/reznor.pl\\\/\"]}]},{\"@type\":\"ImageObject\",\"inLanguage\":\"pl-PL\",\"@id\":\"https:\\\/\\\/reznor.pl\\\/#primaryimage\",\"url\":\"https:\\\/\\\/reznor.pl\\\/wp-content\\\/uploads\\\/2023\\\/06\\\/Photon-dane-techniczne.jpg\",\"contentUrl\":\"https:\\\/\\\/reznor.pl\\\/wp-content\\\/uploads\\\/2023\\\/06\\\/Photon-dane-techniczne.jpg\",\"width\":754,\"height\":769,\"caption\":\"Photon-dane-techniczne\"},{\"@type\":\"BreadcrumbList\",\"@id\":\"https:\\\/\\\/reznor.pl\\\/#breadcrumb\",\"itemListElement\":[{\"@type\":\"ListItem\",\"position\":1,\"name\":\"Strona g\u0142\u00f3wna\",\"item\":\"https:\\\/\\\/reznor.pl\\\/\"},{\"@type\":\"ListItem\",\"position\":2,\"name\":\"Produkty\"}]},{\"@type\":\"WebSite\",\"@id\":\"https:\\\/\\\/reznor.pl\\\/#website\",\"url\":\"https:\\\/\\\/reznor.pl\\\/\",\"name\":\"Reznor\",\"description\":\"Od ponad 137 lat ufamy, \u017ce przekraczamy oczekiwania naszych klient\u00f3w, dostarczaj\u0105c skuteczne i ekonomiczne produkty i rozwi\u0105zania dzi\u0119ki wiedzy specjalistycznej, partnerstwu i innowacjom.\",\"potentialAction\":[{\"@type\":\"SearchAction\",\"target\":{\"@type\":\"EntryPoint\",\"urlTemplate\":\"https:\\\/\\\/reznor.pl\\\/?s={search_term_string}\"},\"query-input\":{\"@type\":\"PropertyValueSpecification\",\"valueRequired\":true,\"valueName\":\"search_term_string\"}}],\"inLanguage\":\"pl-PL\"}]}<\/script>\n<!-- \/ Yoast SEO plugin. -->","yoast_head_json":{"title":"Produkty - Reznor","description":"Reznor typ Photon to nasza najnowszej generacji podwieszana nagrzewnica gazowa. Zastosowanie: komercyjne, przemys\u0142owe i handlowe\u00a0","robots":{"index":"index","follow":"follow","max-snippet":"max-snippet:-1","max-image-preview":"max-image-preview:large","max-video-preview":"max-video-preview:-1"},"canonical":"https:\/\/reznor.pl\/","og_locale":"pl_PL","og_type":"article","og_title":"Produkty - Reznor","og_description":"Reznor typ Photon to nasza najnowszej generacji podwieszana nagrzewnica gazowa. Zastosowanie: komercyjne, przemys\u0142owe i handlowe\u00a0","og_url":"https:\/\/reznor.pl\/","og_site_name":"Reznor","article_modified_time":"2025-07-11T08:30:18+00:00","og_image":[{"width":754,"height":769,"url":"https:\/\/reznor.pl\/wp-content\/uploads\/2023\/06\/Photon-dane-techniczne.jpg","type":"image\/jpeg"}],"twitter_card":"summary_large_image","twitter_misc":{"Szacowany czas czytania":"1 minuta"},"schema":{"@context":"https:\/\/schema.org","@graph":[{"@type":"WebPage","@id":"https:\/\/reznor.pl\/","url":"https:\/\/reznor.pl\/","name":"Produkty - Reznor","isPartOf":{"@id":"https:\/\/reznor.pl\/#website"},"primaryImageOfPage":{"@id":"https:\/\/reznor.pl\/#primaryimage"},"image":{"@id":"https:\/\/reznor.pl\/#primaryimage"},"thumbnailUrl":"https:\/\/reznor.pl\/wp-content\/uploads\/2023\/06\/Photon-dane-techniczne.jpg","datePublished":"2023-05-29T18:38:19+00:00","dateModified":"2025-07-11T08:30:18+00:00","description":"Reznor typ Photon to nasza najnowszej generacji podwieszana nagrzewnica gazowa. Zastosowanie: komercyjne, przemys\u0142owe i handlowe\u00a0","breadcrumb":{"@id":"https:\/\/reznor.pl\/#breadcrumb"},"inLanguage":"pl-PL","potentialAction":[{"@type":"ReadAction","target":["https:\/\/reznor.pl\/"]}]},{"@type":"ImageObject","inLanguage":"pl-PL","@id":"https:\/\/reznor.pl\/#primaryimage","url":"https:\/\/reznor.pl\/wp-content\/uploads\/2023\/06\/Photon-dane-techniczne.jpg","contentUrl":"https:\/\/reznor.pl\/wp-content\/uploads\/2023\/06\/Photon-dane-techniczne.jpg","width":754,"height":769,"caption":"Photon-dane-techniczne"},{"@type":"BreadcrumbList","@id":"https:\/\/reznor.pl\/#breadcrumb","itemListElement":[{"@type":"ListItem","position":1,"name":"Strona g\u0142\u00f3wna","item":"https:\/\/reznor.pl\/"},{"@type":"ListItem","position":2,"name":"Produkty"}]},{"@type":"WebSite","@id":"https:\/\/reznor.pl\/#website","url":"https:\/\/reznor.pl\/","name":"Reznor","description":"Od ponad 137 lat ufamy, \u017ce przekraczamy oczekiwania naszych klient\u00f3w, dostarczaj\u0105c skuteczne i ekonomiczne produkty i rozwi\u0105zania dzi\u0119ki wiedzy specjalistycznej, partnerstwu i innowacjom.","potentialAction":[{"@type":"SearchAction","target":{"@type":"EntryPoint","urlTemplate":"https:\/\/reznor.pl\/?s={search_term_string}"},"query-input":{"@type":"PropertyValueSpecification","valueRequired":true,"valueName":"search_term_string"}}],"inLanguage":"pl-PL"}]}},"_links":{"self":[{"href":"https:\/\/reznor.pl\/index.php\/wp-json\/wp\/v2\/pages\/58","targetHints":{"allow":["GET"]}}],"collection":[{"href":"https:\/\/reznor.pl\/index.php\/wp-json\/wp\/v2\/pages"}],"about":[{"href":"https:\/\/reznor.pl\/index.php\/wp-json\/wp\/v2\/types\/page"}],"author":[{"embeddable":true,"href":"https:\/\/reznor.pl\/index.php\/wp-json\/wp\/v2\/users\/1"}],"replies":[{"embeddable":true,"href":"https:\/\/reznor.pl\/index.php\/wp-json\/wp\/v2\/comments?post=58"}],"version-history":[{"count":7,"href":"https:\/\/reznor.pl\/index.php\/wp-json\/wp\/v2\/pages\/58\/revisions"}],"predecessor-version":[{"id":240,"href":"https:\/\/reznor.pl\/index.php\/wp-json\/wp\/v2\/pages\/58\/revisions\/240"}],"wp:attachment":[{"href":"https:\/\/reznor.pl\/index.php\/wp-json\/wp\/v2\/media?parent=58"}],"curies":[{"name":"wp","href":"https:\/\/api.w.org\/{rel}","templated":true}]}}