{"id":72,"date":"2023-05-30T11:22:15","date_gmt":"2023-05-30T09:22:15","guid":{"rendered":"https:\/\/reznor.pl\/?page_id=72"},"modified":"2025-04-14T10:23:36","modified_gmt":"2025-04-14T08:23:36","slug":"historia","status":"publish","type":"page","link":"https:\/\/reznor.pl\/index.php\/reznor\/historia\/","title":{"rendered":"Historia"},"content":{"rendered":"\n<p class=\"has-text-align-left has-text-color has-medium-font-size\" style=\"color:#771414\"><strong>Reznor: <\/strong>dostarczamy zr\u00f3wnowa\u017cone produkty i rozwi\u0105zania HVAC, kt\u00f3re poprawiaj\u0105 \u015brodowisko, w kt\u00f3rym \u017cyjemy i pracujemy.<\/p>\n\n\n\n<p class=\"has-text-align-left\">Od ponad 137 lat ufamy, \u017ce przekraczamy oczekiwania naszych klient\u00f3w, dostarczaj\u0105c skuteczne i ekonomiczne produkty i rozwi\u0105zania dzi\u0119ki wiedzy specjalistycznej, partnerstwu i innowacjom.<\/p>\n\n\n\n<p class=\"has-text-align-left\">Oferujemy najszersz\u0105 i najbardziej kompletn\u0105 gam\u0119 produkt\u00f3w HVAC na rynku.&nbsp;Nasza szeroka gama produkt\u00f3w i bogata wiedza pozwalaj\u0105 nam wsp\u00f3\u0142pracowa\u0107 z naszymi klientami w celu zaprojektowania najbardziej wydajnych urz\u0105dze\u0144 spe\u0142niaj\u0105cych oczekiwania rynku.<\/p>\n\n\n\n<figure class=\"wp-block-image aligncenter size-full\"><img loading=\"lazy\" decoding=\"async\" width=\"639\" height=\"717\" src=\"https:\/\/reznor.pl\/wp-content\/uploads\/2023\/05\/Reznor-historia.jpg\" alt=\"\" class=\"wp-image-73\" srcset=\"https:\/\/reznor.pl\/wp-content\/uploads\/2023\/05\/Reznor-historia.jpg 639w, https:\/\/reznor.pl\/wp-content\/uploads\/2023\/05\/Reznor-historia-600x673.jpg 600w, https:\/\/reznor.pl\/wp-content\/uploads\/2023\/05\/Reznor-historia-267x300.jpg 267w\" sizes=\"auto, (max-width: 639px) 100vw, 639px\" \/><\/figure>\n\n\n\n<figure class=\"wp-block-embed is-type-video is-provider-youtube wp-block-embed-youtube wp-embed-aspect-16-9 wp-has-aspect-ratio\"><div class=\"wp-block-embed__wrapper\">\n<iframe loading=\"lazy\" title=\"Reznor - The Early Years\" width=\"1170\" height=\"658\" src=\"https:\/\/www.youtube.com\/embed\/62Y7uku6rXM?feature=oembed\" frameborder=\"0\" allow=\"accelerometer; autoplay; clipboard-write; encrypted-media; gyroscope; picture-in-picture; web-share\" referrerpolicy=\"strict-origin-when-cross-origin\" allowfullscreen><\/iframe>\n<\/div><\/figure>\n","protected":false},"excerpt":{"rendered":"<p>Reznor: dostarczamy zr\u00f3wnowa\u017cone produkty i rozwi\u0105zania HVAC, kt\u00f3re poprawiaj\u0105 \u015brodowisko, w kt\u00f3rym \u017cyjemy i pracujemy. Od ponad 137 lat ufamy, \u017ce przekraczamy [&hellip;]<\/p>\n","protected":false},"author":1,"featured_media":0,"parent":65,"menu_order":1,"comment_status":"closed","ping_status":"closed","template":"","meta":{"footnotes":""},"class_list":["post-72","page","type-page","status-publish","hentry"],"yoast_head":"<!-- This site is optimized with the Yoast SEO plugin v27.5 - https:\/\/yoast.com\/product\/yoast-seo-wordpress\/ -->\n<title>Historia - Reznor<\/title>\n<meta name=\"description\" content=\"Reznor - historia: dostarczamy zr\u00f3wnowa\u017cone produkty i rozwi\u0105zania HVAC, kt\u00f3re poprawiaj\u0105 \u015brodowisko, w kt\u00f3rym \u017cyjemy i pracujemy.\" \/>\n<meta name=\"robots\" content=\"index, follow, max-snippet:-1, max-image-preview:large, max-video-preview:-1\" \/>\n<link rel=\"canonical\" href=\"https:\/\/reznor.pl\/index.php\/reznor\/historia\/\" \/>\n<meta property=\"og:locale\" content=\"pl_PL\" \/>\n<meta property=\"og:type\" content=\"article\" \/>\n<meta property=\"og:title\" content=\"Historia - Reznor\" \/>\n<meta property=\"og:description\" content=\"Reznor - historia: dostarczamy zr\u00f3wnowa\u017cone produkty i rozwi\u0105zania HVAC, kt\u00f3re poprawiaj\u0105 \u015brodowisko, w kt\u00f3rym \u017cyjemy i pracujemy.\" \/>\n<meta property=\"og:url\" content=\"https:\/\/reznor.pl\/index.php\/reznor\/historia\/\" \/>\n<meta property=\"og:site_name\" content=\"Reznor\" \/>\n<meta property=\"article:modified_time\" content=\"2025-04-14T08:23:36+00:00\" \/>\n<meta property=\"og:image\" content=\"https:\/\/reznor.pl\/wp-content\/uploads\/2023\/05\/Reznor-historia.jpg\" \/>\n\t<meta property=\"og:image:width\" content=\"639\" \/>\n\t<meta property=\"og:image:height\" content=\"717\" \/>\n\t<meta property=\"og:image:type\" content=\"image\/jpeg\" \/>\n<meta name=\"twitter:card\" content=\"summary_large_image\" \/>\n<meta name=\"twitter:label1\" content=\"Szacowany czas czytania\" \/>\n\t<meta name=\"twitter:data1\" content=\"1 minuta\" \/>\n<script type=\"application\/ld+json\" class=\"yoast-schema-graph\">{\"@context\":\"https:\\\/\\\/schema.org\",\"@graph\":[{\"@type\":\"WebPage\",\"@id\":\"https:\\\/\\\/reznor.pl\\\/index.php\\\/reznor\\\/historia\\\/\",\"url\":\"https:\\\/\\\/reznor.pl\\\/index.php\\\/reznor\\\/historia\\\/\",\"name\":\"Historia - Reznor\",\"isPartOf\":{\"@id\":\"https:\\\/\\\/reznor.pl\\\/#website\"},\"primaryImageOfPage\":{\"@id\":\"https:\\\/\\\/reznor.pl\\\/index.php\\\/reznor\\\/historia\\\/#primaryimage\"},\"image\":{\"@id\":\"https:\\\/\\\/reznor.pl\\\/index.php\\\/reznor\\\/historia\\\/#primaryimage\"},\"thumbnailUrl\":\"https:\\\/\\\/reznor.pl\\\/wp-content\\\/uploads\\\/2023\\\/05\\\/Reznor-historia.jpg\",\"datePublished\":\"2023-05-30T09:22:15+00:00\",\"dateModified\":\"2025-04-14T08:23:36+00:00\",\"description\":\"Reznor - historia: dostarczamy zr\u00f3wnowa\u017cone produkty i rozwi\u0105zania HVAC, kt\u00f3re poprawiaj\u0105 \u015brodowisko, w kt\u00f3rym \u017cyjemy i pracujemy.\",\"breadcrumb\":{\"@id\":\"https:\\\/\\\/reznor.pl\\\/index.php\\\/reznor\\\/historia\\\/#breadcrumb\"},\"inLanguage\":\"pl-PL\",\"potentialAction\":[{\"@type\":\"ReadAction\",\"target\":[\"https:\\\/\\\/reznor.pl\\\/index.php\\\/reznor\\\/historia\\\/\"]}]},{\"@type\":\"ImageObject\",\"inLanguage\":\"pl-PL\",\"@id\":\"https:\\\/\\\/reznor.pl\\\/index.php\\\/reznor\\\/historia\\\/#primaryimage\",\"url\":\"https:\\\/\\\/reznor.pl\\\/wp-content\\\/uploads\\\/2023\\\/05\\\/Reznor-historia.jpg\",\"contentUrl\":\"https:\\\/\\\/reznor.pl\\\/wp-content\\\/uploads\\\/2023\\\/05\\\/Reznor-historia.jpg\",\"width\":639,\"height\":717},{\"@type\":\"BreadcrumbList\",\"@id\":\"https:\\\/\\\/reznor.pl\\\/index.php\\\/reznor\\\/historia\\\/#breadcrumb\",\"itemListElement\":[{\"@type\":\"ListItem\",\"position\":1,\"name\":\"Strona g\u0142\u00f3wna\",\"item\":\"https:\\\/\\\/reznor.pl\\\/\"},{\"@type\":\"ListItem\",\"position\":2,\"name\":\"Reznor\",\"item\":\"https:\\\/\\\/reznor.pl\\\/index.php\\\/reznor\\\/\"},{\"@type\":\"ListItem\",\"position\":3,\"name\":\"Historia\"}]},{\"@type\":\"WebSite\",\"@id\":\"https:\\\/\\\/reznor.pl\\\/#website\",\"url\":\"https:\\\/\\\/reznor.pl\\\/\",\"name\":\"Reznor\",\"description\":\"Od ponad 137 lat ufamy, \u017ce przekraczamy oczekiwania naszych klient\u00f3w, dostarczaj\u0105c skuteczne i ekonomiczne produkty i rozwi\u0105zania dzi\u0119ki wiedzy specjalistycznej, partnerstwu i innowacjom.\",\"potentialAction\":[{\"@type\":\"SearchAction\",\"target\":{\"@type\":\"EntryPoint\",\"urlTemplate\":\"https:\\\/\\\/reznor.pl\\\/?s={search_term_string}\"},\"query-input\":{\"@type\":\"PropertyValueSpecification\",\"valueRequired\":true,\"valueName\":\"search_term_string\"}}],\"inLanguage\":\"pl-PL\"}]}<\/script>\n<!-- \/ Yoast SEO plugin. -->","yoast_head_json":{"title":"Historia - Reznor","description":"Reznor - historia: dostarczamy zr\u00f3wnowa\u017cone produkty i rozwi\u0105zania HVAC, kt\u00f3re poprawiaj\u0105 \u015brodowisko, w kt\u00f3rym \u017cyjemy i pracujemy.","robots":{"index":"index","follow":"follow","max-snippet":"max-snippet:-1","max-image-preview":"max-image-preview:large","max-video-preview":"max-video-preview:-1"},"canonical":"https:\/\/reznor.pl\/index.php\/reznor\/historia\/","og_locale":"pl_PL","og_type":"article","og_title":"Historia - Reznor","og_description":"Reznor - historia: dostarczamy zr\u00f3wnowa\u017cone produkty i rozwi\u0105zania HVAC, kt\u00f3re poprawiaj\u0105 \u015brodowisko, w kt\u00f3rym \u017cyjemy i pracujemy.","og_url":"https:\/\/reznor.pl\/index.php\/reznor\/historia\/","og_site_name":"Reznor","article_modified_time":"2025-04-14T08:23:36+00:00","og_image":[{"width":639,"height":717,"url":"https:\/\/reznor.pl\/wp-content\/uploads\/2023\/05\/Reznor-historia.jpg","type":"image\/jpeg"}],"twitter_card":"summary_large_image","twitter_misc":{"Szacowany czas czytania":"1 minuta"},"schema":{"@context":"https:\/\/schema.org","@graph":[{"@type":"WebPage","@id":"https:\/\/reznor.pl\/index.php\/reznor\/historia\/","url":"https:\/\/reznor.pl\/index.php\/reznor\/historia\/","name":"Historia - Reznor","isPartOf":{"@id":"https:\/\/reznor.pl\/#website"},"primaryImageOfPage":{"@id":"https:\/\/reznor.pl\/index.php\/reznor\/historia\/#primaryimage"},"image":{"@id":"https:\/\/reznor.pl\/index.php\/reznor\/historia\/#primaryimage"},"thumbnailUrl":"https:\/\/reznor.pl\/wp-content\/uploads\/2023\/05\/Reznor-historia.jpg","datePublished":"2023-05-30T09:22:15+00:00","dateModified":"2025-04-14T08:23:36+00:00","description":"Reznor - historia: dostarczamy zr\u00f3wnowa\u017cone produkty i rozwi\u0105zania HVAC, kt\u00f3re poprawiaj\u0105 \u015brodowisko, w kt\u00f3rym \u017cyjemy i pracujemy.","breadcrumb":{"@id":"https:\/\/reznor.pl\/index.php\/reznor\/historia\/#breadcrumb"},"inLanguage":"pl-PL","potentialAction":[{"@type":"ReadAction","target":["https:\/\/reznor.pl\/index.php\/reznor\/historia\/"]}]},{"@type":"ImageObject","inLanguage":"pl-PL","@id":"https:\/\/reznor.pl\/index.php\/reznor\/historia\/#primaryimage","url":"https:\/\/reznor.pl\/wp-content\/uploads\/2023\/05\/Reznor-historia.jpg","contentUrl":"https:\/\/reznor.pl\/wp-content\/uploads\/2023\/05\/Reznor-historia.jpg","width":639,"height":717},{"@type":"BreadcrumbList","@id":"https:\/\/reznor.pl\/index.php\/reznor\/historia\/#breadcrumb","itemListElement":[{"@type":"ListItem","position":1,"name":"Strona g\u0142\u00f3wna","item":"https:\/\/reznor.pl\/"},{"@type":"ListItem","position":2,"name":"Reznor","item":"https:\/\/reznor.pl\/index.php\/reznor\/"},{"@type":"ListItem","position":3,"name":"Historia"}]},{"@type":"WebSite","@id":"https:\/\/reznor.pl\/#website","url":"https:\/\/reznor.pl\/","name":"Reznor","description":"Od ponad 137 lat ufamy, \u017ce przekraczamy oczekiwania naszych klient\u00f3w, dostarczaj\u0105c skuteczne i ekonomiczne produkty i rozwi\u0105zania dzi\u0119ki wiedzy specjalistycznej, partnerstwu i innowacjom.","potentialAction":[{"@type":"SearchAction","target":{"@type":"EntryPoint","urlTemplate":"https:\/\/reznor.pl\/?s={search_term_string}"},"query-input":{"@type":"PropertyValueSpecification","valueRequired":true,"valueName":"search_term_string"}}],"inLanguage":"pl-PL"}]}},"_links":{"self":[{"href":"https:\/\/reznor.pl\/index.php\/wp-json\/wp\/v2\/pages\/72","targetHints":{"allow":["GET"]}}],"collection":[{"href":"https:\/\/reznor.pl\/index.php\/wp-json\/wp\/v2\/pages"}],"about":[{"href":"https:\/\/reznor.pl\/index.php\/wp-json\/wp\/v2\/types\/page"}],"author":[{"embeddable":true,"href":"https:\/\/reznor.pl\/index.php\/wp-json\/wp\/v2\/users\/1"}],"replies":[{"embeddable":true,"href":"https:\/\/reznor.pl\/index.php\/wp-json\/wp\/v2\/comments?post=72"}],"version-history":[{"count":9,"href":"https:\/\/reznor.pl\/index.php\/wp-json\/wp\/v2\/pages\/72\/revisions"}],"predecessor-version":[{"id":314,"href":"https:\/\/reznor.pl\/index.php\/wp-json\/wp\/v2\/pages\/72\/revisions\/314"}],"up":[{"embeddable":true,"href":"https:\/\/reznor.pl\/index.php\/wp-json\/wp\/v2\/pages\/65"}],"wp:attachment":[{"href":"https:\/\/reznor.pl\/index.php\/wp-json\/wp\/v2\/media?parent=72"}],"curies":[{"name":"wp","href":"https:\/\/api.w.org\/{rel}","templated":true}]}}