{"id":252,"date":"2024-12-30T13:15:52","date_gmt":"2024-12-30T12:15:52","guid":{"rendered":"https:\/\/reznor.pl\/?post_type=product&#038;p=252"},"modified":"2026-02-26T10:57:04","modified_gmt":"2026-02-26T09:57:04","slug":"destratyfikator-reznor-rtp-ds","status":"publish","type":"product","link":"https:\/\/reznor.pl\/index.php\/produkt\/destratyfikator-reznor-rtp-ds\/","title":{"rendered":"Destratyfikator Reznor typ DS"},"content":{"rendered":"<h1 class=\"has-text-color has-large-font-size\"><strong>Destratyfikator Reznor typ DS<\/strong><\/h1>\n<p class=\"has-medium-font-size\">Wentylatory destratyfikacyjne odwracaj\u0105 naturalny proces konwekcji, recyrkuluj\u0105c ciep\u0142e powietrze z powrotem do poziomu roboczego.<\/p>\n<p class=\"has-medium-font-size\">W ka\u017cdej przestrzeni ciep\u0142o w naturalny spos\u00f3b unosi si\u0119 do poziomu sufitu, co utrudnia ogrzewanie obszar\u00f3w z wysokimi sufitami przy poziomie posadzki.\u00a0Wentylatory destratyfikacyjne s\u0105 przeznaczone do recyrkulacji ciep\u0142ego powietrza, gdy podnosi si\u0119 ono z powrotem do po\u017c\u0105danego poziomu.<\/p>\n<p class=\"has-medium-font-size\">Uzupe\u0142nia tradycyjne systemy grzewcze, w kt\u00f3rych utrzymanie ciep\u0142ego powietrza na niskim poziomie mo\u017ce by\u0107 problematyczne.<\/p>\n<h2 class=\"has-text-color has-medium-font-size\"><strong>Kluczowe cechy:<\/strong><\/h2>\n<ul class=\"wp-block-list\">\n<li class=\"has-medium-font-size\">Obni\u017cone rachunki za paliwo dzi\u0119ki wyeliminowaniu gromadzenia si\u0119 ciep\u0142a w przestrzeniach dachowych;<\/li>\n<li class=\"has-medium-font-size\">Wykorzystuje dodatkowe ciep\u0142o wytwarzane przez o\u015bwietlenie i maszyny, rozprowadzaj\u0105c je do \u017c\u0105danego obszaru;<\/li>\n<li class=\"has-medium-font-size\">Skraca czas wst\u0119pnego nagrzewania.<\/li>\n<\/ul>\n","protected":false},"excerpt":{"rendered":"<h1 class=\"has-text-color has-large-font-size\"><strong>Destratyfikator Reznor typ DS<\/strong><\/h1>\n<p class=\"has-medium-font-size\">Wentylatory destratyfikacyjne odwracaj\u0105 naturalny proces konwekcji, recyrkuluj\u0105c ciep\u0142e powietrze z powrotem do poziomu roboczego.<\/p>\n<p class=\"has-medium-font-size\">W ka\u017cdej przestrzeni ciep\u0142o w naturalny spos\u00f3b unosi si\u0119 do poziomu sufitu, co utrudnia ogrzewanie obszar\u00f3w z wysokimi sufitami przy poziomie posadzki.\u00a0Wentylatory destratyfikacyjne s\u0105 przeznaczone do recyrkulacji ciep\u0142ego powietrza, gdy podnosi si\u0119 ono z powrotem do po\u017c\u0105danego poziomu.<\/p>\n<p class=\"has-medium-font-size\">Uzupe\u0142nia tradycyjne systemy grzewcze, w kt\u00f3rych utrzymanie ciep\u0142ego powietrza na niskim poziomie mo\u017ce by\u0107 problematyczne.<\/p>\n<h2 class=\"has-text-color has-medium-font-size\"><strong>Kluczowe cechy:<\/strong><\/h2>\n<ul class=\"wp-block-list\">\n<li class=\"has-medium-font-size\">Obni\u017cone rachunki za paliwo dzi\u0119ki wyeliminowaniu gromadzenia si\u0119 ciep\u0142a w przestrzeniach dachowych;<\/li>\n<li class=\"has-medium-font-size\">Wykorzystuje dodatkowe ciep\u0142o wytwarzane przez o\u015bwietlenie i maszyny, rozprowadzaj\u0105c je do \u017c\u0105danego obszaru;<\/li>\n<li class=\"has-medium-font-size\">Skraca czas wst\u0119pnego nagrzewania.<\/li>\n<\/ul>\n","protected":false},"featured_media":105,"template":"","meta":[],"product_brand":[],"product_cat":[30],"product_tag":[31,32],"class_list":{"0":"post-252","1":"product","2":"type-product","3":"status-publish","4":"has-post-thumbnail","6":"product_cat-destratyfikatory","7":"product_tag-destratyfikator","8":"product_tag-wentylator","10":"first","11":"outofstock","12":"shipping-taxable","13":"product-type-simple"},"yoast_head":"<!-- This site is optimized with the Yoast SEO plugin v27.5 - https:\/\/yoast.com\/product\/yoast-seo-wordpress\/ -->\n<title>Destratyfikator Reznor typ DS - Reznor<\/title>\n<meta name=\"description\" content=\"Destratyfikator Reznor typ DS. Wentylatory destratyfikacyjne odwracaj\u0105 naturalny proces konwekcji, recyrkuluj\u0105c ciep\u0142e powietrze z powrotem do poziomu roboczego.\" \/>\n<meta name=\"robots\" content=\"index, follow, max-snippet:-1, max-image-preview:large, max-video-preview:-1\" \/>\n<link rel=\"canonical\" href=\"https:\/\/reznor.pl\/index.php\/produkt\/destratyfikator-reznor-rtp-ds\/\" \/>\n<meta property=\"og:locale\" content=\"pl_PL\" \/>\n<meta property=\"og:type\" content=\"article\" \/>\n<meta property=\"og:title\" content=\"Destratyfikator Reznor typ DS - Reznor\" \/>\n<meta property=\"og:description\" content=\"Destratyfikator Reznor typ DS. Wentylatory destratyfikacyjne odwracaj\u0105 naturalny proces konwekcji, recyrkuluj\u0105c ciep\u0142e powietrze z powrotem do poziomu roboczego.\" \/>\n<meta property=\"og:url\" content=\"https:\/\/reznor.pl\/index.php\/produkt\/destratyfikator-reznor-rtp-ds\/\" \/>\n<meta property=\"og:site_name\" content=\"Reznor\" \/>\n<meta property=\"article:modified_time\" content=\"2026-02-26T09:57:04+00:00\" \/>\n<meta property=\"og:image\" content=\"https:\/\/reznor.pl\/wp-content\/uploads\/2023\/05\/Destratyfikator.jpg\" \/>\n\t<meta property=\"og:image:width\" content=\"332\" \/>\n\t<meta property=\"og:image:height\" content=\"295\" \/>\n\t<meta property=\"og:image:type\" content=\"image\/jpeg\" \/>\n<meta name=\"twitter:card\" content=\"summary_large_image\" \/>\n<meta name=\"twitter:label1\" content=\"Szacowany czas czytania\" \/>\n\t<meta name=\"twitter:data1\" content=\"1 minuta\" \/>\n<script type=\"application\/ld+json\" class=\"yoast-schema-graph\">{\"@context\":\"https:\\\/\\\/schema.org\",\"@graph\":[{\"@type\":\"WebPage\",\"@id\":\"https:\\\/\\\/reznor.pl\\\/index.php\\\/produkt\\\/destratyfikator-reznor-rtp-ds\\\/\",\"url\":\"https:\\\/\\\/reznor.pl\\\/index.php\\\/produkt\\\/destratyfikator-reznor-rtp-ds\\\/\",\"name\":\"Destratyfikator Reznor typ DS - Reznor\",\"isPartOf\":{\"@id\":\"https:\\\/\\\/reznor.pl\\\/#website\"},\"primaryImageOfPage\":{\"@id\":\"https:\\\/\\\/reznor.pl\\\/index.php\\\/produkt\\\/destratyfikator-reznor-rtp-ds\\\/#primaryimage\"},\"image\":{\"@id\":\"https:\\\/\\\/reznor.pl\\\/index.php\\\/produkt\\\/destratyfikator-reznor-rtp-ds\\\/#primaryimage\"},\"thumbnailUrl\":\"https:\\\/\\\/reznor.pl\\\/wp-content\\\/uploads\\\/2023\\\/05\\\/Destratyfikator.jpg\",\"datePublished\":\"2024-12-30T12:15:52+00:00\",\"dateModified\":\"2026-02-26T09:57:04+00:00\",\"description\":\"Destratyfikator Reznor typ DS. Wentylatory destratyfikacyjne odwracaj\u0105 naturalny proces konwekcji, recyrkuluj\u0105c ciep\u0142e powietrze z powrotem do poziomu roboczego.\",\"breadcrumb\":{\"@id\":\"https:\\\/\\\/reznor.pl\\\/index.php\\\/produkt\\\/destratyfikator-reznor-rtp-ds\\\/#breadcrumb\"},\"inLanguage\":\"pl-PL\",\"potentialAction\":[{\"@type\":\"ReadAction\",\"target\":[\"https:\\\/\\\/reznor.pl\\\/index.php\\\/produkt\\\/destratyfikator-reznor-rtp-ds\\\/\"]}]},{\"@type\":\"ImageObject\",\"inLanguage\":\"pl-PL\",\"@id\":\"https:\\\/\\\/reznor.pl\\\/index.php\\\/produkt\\\/destratyfikator-reznor-rtp-ds\\\/#primaryimage\",\"url\":\"https:\\\/\\\/reznor.pl\\\/wp-content\\\/uploads\\\/2023\\\/05\\\/Destratyfikator.jpg\",\"contentUrl\":\"https:\\\/\\\/reznor.pl\\\/wp-content\\\/uploads\\\/2023\\\/05\\\/Destratyfikator.jpg\",\"width\":332,\"height\":295,\"caption\":\"Destratyfikator\"},{\"@type\":\"BreadcrumbList\",\"@id\":\"https:\\\/\\\/reznor.pl\\\/index.php\\\/produkt\\\/destratyfikator-reznor-rtp-ds\\\/#breadcrumb\",\"itemListElement\":[{\"@type\":\"ListItem\",\"position\":1,\"name\":\"Strona g\u0142\u00f3wna\",\"item\":\"https:\\\/\\\/reznor.pl\\\/\"},{\"@type\":\"ListItem\",\"position\":2,\"name\":\"Sklep\",\"item\":\"https:\\\/\\\/reznor.pl\\\/index.php\\\/sklep\\\/\"},{\"@type\":\"ListItem\",\"position\":3,\"name\":\"Destratyfikator Reznor typ DS\"}]},{\"@type\":\"WebSite\",\"@id\":\"https:\\\/\\\/reznor.pl\\\/#website\",\"url\":\"https:\\\/\\\/reznor.pl\\\/\",\"name\":\"Reznor\",\"description\":\"Od ponad 137 lat ufamy, \u017ce przekraczamy oczekiwania naszych klient\u00f3w, dostarczaj\u0105c skuteczne i ekonomiczne produkty i rozwi\u0105zania dzi\u0119ki wiedzy specjalistycznej, partnerstwu i innowacjom.\",\"potentialAction\":[{\"@type\":\"SearchAction\",\"target\":{\"@type\":\"EntryPoint\",\"urlTemplate\":\"https:\\\/\\\/reznor.pl\\\/?s={search_term_string}\"},\"query-input\":{\"@type\":\"PropertyValueSpecification\",\"valueRequired\":true,\"valueName\":\"search_term_string\"}}],\"inLanguage\":\"pl-PL\"}]}<\/script>\n<!-- \/ Yoast SEO plugin. -->","yoast_head_json":{"title":"Destratyfikator Reznor typ DS - Reznor","description":"Destratyfikator Reznor typ DS. Wentylatory destratyfikacyjne odwracaj\u0105 naturalny proces konwekcji, recyrkuluj\u0105c ciep\u0142e powietrze z powrotem do poziomu roboczego.","robots":{"index":"index","follow":"follow","max-snippet":"max-snippet:-1","max-image-preview":"max-image-preview:large","max-video-preview":"max-video-preview:-1"},"canonical":"https:\/\/reznor.pl\/index.php\/produkt\/destratyfikator-reznor-rtp-ds\/","og_locale":"pl_PL","og_type":"article","og_title":"Destratyfikator Reznor typ DS - Reznor","og_description":"Destratyfikator Reznor typ DS. Wentylatory destratyfikacyjne odwracaj\u0105 naturalny proces konwekcji, recyrkuluj\u0105c ciep\u0142e powietrze z powrotem do poziomu roboczego.","og_url":"https:\/\/reznor.pl\/index.php\/produkt\/destratyfikator-reznor-rtp-ds\/","og_site_name":"Reznor","article_modified_time":"2026-02-26T09:57:04+00:00","og_image":[{"width":332,"height":295,"url":"https:\/\/reznor.pl\/wp-content\/uploads\/2023\/05\/Destratyfikator.jpg","type":"image\/jpeg"}],"twitter_card":"summary_large_image","twitter_misc":{"Szacowany czas czytania":"1 minuta"},"schema":{"@context":"https:\/\/schema.org","@graph":[{"@type":"WebPage","@id":"https:\/\/reznor.pl\/index.php\/produkt\/destratyfikator-reznor-rtp-ds\/","url":"https:\/\/reznor.pl\/index.php\/produkt\/destratyfikator-reznor-rtp-ds\/","name":"Destratyfikator Reznor typ DS - Reznor","isPartOf":{"@id":"https:\/\/reznor.pl\/#website"},"primaryImageOfPage":{"@id":"https:\/\/reznor.pl\/index.php\/produkt\/destratyfikator-reznor-rtp-ds\/#primaryimage"},"image":{"@id":"https:\/\/reznor.pl\/index.php\/produkt\/destratyfikator-reznor-rtp-ds\/#primaryimage"},"thumbnailUrl":"https:\/\/reznor.pl\/wp-content\/uploads\/2023\/05\/Destratyfikator.jpg","datePublished":"2024-12-30T12:15:52+00:00","dateModified":"2026-02-26T09:57:04+00:00","description":"Destratyfikator Reznor typ DS. Wentylatory destratyfikacyjne odwracaj\u0105 naturalny proces konwekcji, recyrkuluj\u0105c ciep\u0142e powietrze z powrotem do poziomu roboczego.","breadcrumb":{"@id":"https:\/\/reznor.pl\/index.php\/produkt\/destratyfikator-reznor-rtp-ds\/#breadcrumb"},"inLanguage":"pl-PL","potentialAction":[{"@type":"ReadAction","target":["https:\/\/reznor.pl\/index.php\/produkt\/destratyfikator-reznor-rtp-ds\/"]}]},{"@type":"ImageObject","inLanguage":"pl-PL","@id":"https:\/\/reznor.pl\/index.php\/produkt\/destratyfikator-reznor-rtp-ds\/#primaryimage","url":"https:\/\/reznor.pl\/wp-content\/uploads\/2023\/05\/Destratyfikator.jpg","contentUrl":"https:\/\/reznor.pl\/wp-content\/uploads\/2023\/05\/Destratyfikator.jpg","width":332,"height":295,"caption":"Destratyfikator"},{"@type":"BreadcrumbList","@id":"https:\/\/reznor.pl\/index.php\/produkt\/destratyfikator-reznor-rtp-ds\/#breadcrumb","itemListElement":[{"@type":"ListItem","position":1,"name":"Strona g\u0142\u00f3wna","item":"https:\/\/reznor.pl\/"},{"@type":"ListItem","position":2,"name":"Sklep","item":"https:\/\/reznor.pl\/index.php\/sklep\/"},{"@type":"ListItem","position":3,"name":"Destratyfikator Reznor typ DS"}]},{"@type":"WebSite","@id":"https:\/\/reznor.pl\/#website","url":"https:\/\/reznor.pl\/","name":"Reznor","description":"Od ponad 137 lat ufamy, \u017ce przekraczamy oczekiwania naszych klient\u00f3w, dostarczaj\u0105c skuteczne i ekonomiczne produkty i rozwi\u0105zania dzi\u0119ki wiedzy specjalistycznej, partnerstwu i innowacjom.","potentialAction":[{"@type":"SearchAction","target":{"@type":"EntryPoint","urlTemplate":"https:\/\/reznor.pl\/?s={search_term_string}"},"query-input":{"@type":"PropertyValueSpecification","valueRequired":true,"valueName":"search_term_string"}}],"inLanguage":"pl-PL"}]}},"_links":{"self":[{"href":"https:\/\/reznor.pl\/index.php\/wp-json\/wp\/v2\/product\/252","targetHints":{"allow":["GET"]}}],"collection":[{"href":"https:\/\/reznor.pl\/index.php\/wp-json\/wp\/v2\/product"}],"about":[{"href":"https:\/\/reznor.pl\/index.php\/wp-json\/wp\/v2\/types\/product"}],"wp:featuredmedia":[{"embeddable":true,"href":"https:\/\/reznor.pl\/index.php\/wp-json\/wp\/v2\/media\/105"}],"wp:attachment":[{"href":"https:\/\/reznor.pl\/index.php\/wp-json\/wp\/v2\/media?parent=252"}],"wp:term":[{"taxonomy":"product_brand","embeddable":true,"href":"https:\/\/reznor.pl\/index.php\/wp-json\/wp\/v2\/product_brand?post=252"},{"taxonomy":"product_cat","embeddable":true,"href":"https:\/\/reznor.pl\/index.php\/wp-json\/wp\/v2\/product_cat?post=252"},{"taxonomy":"product_tag","embeddable":true,"href":"https:\/\/reznor.pl\/index.php\/wp-json\/wp\/v2\/product_tag?post=252"}],"curies":[{"name":"wp","href":"https:\/\/api.w.org\/{rel}","templated":true}]}}