{"id":254,"date":"2024-12-30T13:28:54","date_gmt":"2024-12-30T12:28:54","guid":{"rendered":"https:\/\/reznor.pl\/?post_type=product&#038;p=254"},"modified":"2026-02-26T10:56:28","modified_gmt":"2026-02-26T09:56:28","slug":"nagrzewnica-gazowa-kondensacyjna-reznor-typ-rheco","status":"publish","type":"product","link":"https:\/\/reznor.pl\/index.php\/produkt\/nagrzewnica-gazowa-kondensacyjna-reznor-typ-rheco\/","title":{"rendered":"Nagrzewnica gazowa kondensacyjna Reznor typ Rheco"},"content":{"rendered":"\r\n<p class=\"has-text-color has-large-font-size\"><strong>Nagrzewnica gazowa kondensacyjna Reznor typ typ Rheco<\/strong><\/p>\r\n\r\n\r\n\r\n<p class=\"has-medium-font-size\">Wysokowydajne nagrzewnice powietrza Rheco charakteryzuj\u0105 si\u0119 najni\u017csz\u0105 emisj\u0105 NOx i CO2 na rynku!<\/p>\r\n\r\n\r\n\r\n<p class=\"has-medium-font-size\">RHeco to w pe\u0142ni kondensacyjna gazowa nagrzewnica powietrza. Dzi\u0119ki sprawno\u015bci do 109% przy cz\u0119\u015bciowym obci\u0105\u017ceniu i 100% przy pe\u0142nym obci\u0105\u017ceniu oraz NOx i CO2 poni\u017cej 25 ppm, RHeco przewy\u017csza europejskie standardy.<\/p>\r\n\r\n\r\n\r\n<p class=\"has-medium-font-size\">W przypadku konwencjonalnych nagrzewnic powietrza cz\u0119\u015b\u0107 ciep\u0142a jest tracona w spalinach. Natomiast w przypadku RHeco te gazy spalinowe przechodz\u0105 przez drugi wymiennik ciep\u0142a, sch\u0142adzaj\u0105c je poni\u017cej punktu rosy. Para wodna zawarta w spalinach skrapla si\u0119, a jej utajone ciep\u0142o jest uwalniane do strumienia powietrza.<\/p>\r\n\r\n\r\n\r\n<p class=\"has-medium-font-size\">Kondensacyjna nagrzewnica powietrza RHeco zosta\u0142a zaprojektowana z my\u015bl\u0105 o bardzo wysokiej sprawno\u015bci cieplnej, niskich kosztach eksploatacji i \u0142atwej konserwacji. Do budowy u\u017cywane s\u0105 wy\u0142\u0105cznie cz\u0119\u015bci wysokiej jako\u015bci. Nowy modulowany palnik ze wst\u0119pnym mieszaniem i zamkni\u0119ty obieg spalania w podci\u015bnieniu sprawiaj\u0105, \u017ce RHeco jest wyj\u0105tkowo bezpieczny, czysty i energooszcz\u0119dny.<\/p>\r\n","protected":false},"excerpt":{"rendered":"<p class=\"has-text-color has-large-font-size\"><strong>Nagrzewnica gazowa kondensacyjna Reznor typ typ Rheco<\/strong><\/p>\n<p><!-- \/wp:paragraph --><\/p>\n<p><!-- wp:paragraph {\"fontSize\":\"medium\"} --><\/p>\n<p class=\"has-medium-font-size\">Wysokowydajne nagrzewnice powietrza Rheco charakteryzuj\u0105 si\u0119 najni\u017csz\u0105 emisj\u0105 NOx i CO2 na rynku!<\/p>\n<p><!-- \/wp:paragraph --><\/p>\n<p><!-- wp:paragraph {\"fontSize\":\"medium\"} --><\/p>\n<p class=\"has-medium-font-size\">RHeco to w pe\u0142ni kondensacyjna gazowa nagrzewnica powietrza. Dzi\u0119ki sprawno\u015bci do 109% przy cz\u0119\u015bciowym obci\u0105\u017ceniu i 100% przy pe\u0142nym obci\u0105\u017ceniu oraz NOx i CO2 poni\u017cej 25 ppm, RHeco przewy\u017csza europejskie standardy.<\/p>\n<p><!-- \/wp:paragraph --><\/p>\n<p><!-- wp:paragraph {\"fontSize\":\"medium\"} --><\/p>\n<p class=\"has-medium-font-size\">W przypadku konwencjonalnych nagrzewnic powietrza cz\u0119\u015b\u0107 ciep\u0142a jest tracona w spalinach. Natomiast w przypadku RHeco te gazy spalinowe przechodz\u0105 przez drugi wymiennik ciep\u0142a, sch\u0142adzaj\u0105c je poni\u017cej punktu rosy. Para wodna zawarta w spalinach skrapla si\u0119, a jej utajone ciep\u0142o jest uwalniane do strumienia powietrza.<\/p>\n<p><!-- \/wp:paragraph --><\/p>\n<p><!-- wp:paragraph {\"fontSize\":\"medium\"} --><\/p>\n<p class=\"has-medium-font-size\">Kondensacyjna nagrzewnica powietrza RHeco zosta\u0142a zaprojektowana z my\u015bl\u0105 o bardzo wysokiej sprawno\u015bci cieplnej, niskich kosztach eksploatacji i \u0142atwej konserwacji. Do budowy u\u017cywane s\u0105 wy\u0142\u0105cznie cz\u0119\u015bci wysokiej jako\u015bci. Nowy modulowany palnik ze wst\u0119pnym mieszaniem i zamkni\u0119ty obieg spalania w podci\u015bnieniu sprawiaj\u0105, \u017ce RHeco jest wyj\u0105tkowo bezpieczny, czysty i energooszcz\u0119dny.<\/p>\n","protected":false},"featured_media":127,"template":"","meta":[],"product_brand":[],"product_cat":[26],"product_tag":[33,28,27],"class_list":{"0":"post-254","1":"product","2":"type-product","3":"status-publish","4":"has-post-thumbnail","6":"product_cat-nagrzewnice-gazowe","7":"product_tag-kondensacyjna","8":"product_tag-nagrzewnica-gazowa","9":"product_tag-reznor","11":"first","12":"outofstock","13":"shipping-taxable","14":"product-type-simple"},"yoast_head":"<!-- This site is optimized with the Yoast SEO plugin v27.5 - https:\/\/yoast.com\/product\/yoast-seo-wordpress\/ -->\n<title>Nagrzewnica gazowa kondensacyjna Reznor typ Rheco - Reznor<\/title>\n<meta name=\"description\" content=\"Nagrzewnica gazowa kondensacyjna Reznor typ Rheco ma sprawno\u015b\u0107 do 109% przy cz\u0119\u015bciowym obci\u0105\u017ceniu i 100% przy pe\u0142nym obci\u0105\u017ceniu oraz NOx i CO2 poni\u017cej 25 ppm.\" \/>\n<meta name=\"robots\" content=\"index, follow, max-snippet:-1, max-image-preview:large, max-video-preview:-1\" \/>\n<link rel=\"canonical\" href=\"https:\/\/reznor.pl\/index.php\/produkt\/nagrzewnica-gazowa-kondensacyjna-reznor-typ-rheco\/\" \/>\n<meta property=\"og:locale\" content=\"pl_PL\" \/>\n<meta property=\"og:type\" content=\"article\" \/>\n<meta property=\"og:title\" content=\"Nagrzewnica gazowa kondensacyjna Reznor typ Rheco - Reznor\" \/>\n<meta property=\"og:description\" content=\"Nagrzewnica gazowa kondensacyjna Reznor typ Rheco ma sprawno\u015b\u0107 do 109% przy cz\u0119\u015bciowym obci\u0105\u017ceniu i 100% przy pe\u0142nym obci\u0105\u017ceniu oraz NOx i CO2 poni\u017cej 25 ppm.\" \/>\n<meta property=\"og:url\" content=\"https:\/\/reznor.pl\/index.php\/produkt\/nagrzewnica-gazowa-kondensacyjna-reznor-typ-rheco\/\" \/>\n<meta property=\"og:site_name\" content=\"Reznor\" \/>\n<meta property=\"article:modified_time\" content=\"2026-02-26T09:56:28+00:00\" \/>\n<meta property=\"og:image\" content=\"https:\/\/reznor.pl\/wp-content\/uploads\/2023\/05\/RHeco.jpg\" \/>\n\t<meta property=\"og:image:width\" content=\"251\" \/>\n\t<meta property=\"og:image:height\" content=\"222\" \/>\n\t<meta property=\"og:image:type\" content=\"image\/jpeg\" \/>\n<meta name=\"twitter:card\" content=\"summary_large_image\" \/>\n<meta name=\"twitter:label1\" content=\"Szacowany czas czytania\" \/>\n\t<meta name=\"twitter:data1\" content=\"2 minuty\" \/>\n<script type=\"application\/ld+json\" class=\"yoast-schema-graph\">{\"@context\":\"https:\\\/\\\/schema.org\",\"@graph\":[{\"@type\":\"WebPage\",\"@id\":\"https:\\\/\\\/reznor.pl\\\/index.php\\\/produkt\\\/nagrzewnica-gazowa-kondensacyjna-reznor-typ-rheco\\\/\",\"url\":\"https:\\\/\\\/reznor.pl\\\/index.php\\\/produkt\\\/nagrzewnica-gazowa-kondensacyjna-reznor-typ-rheco\\\/\",\"name\":\"Nagrzewnica gazowa kondensacyjna Reznor typ Rheco - Reznor\",\"isPartOf\":{\"@id\":\"https:\\\/\\\/reznor.pl\\\/#website\"},\"primaryImageOfPage\":{\"@id\":\"https:\\\/\\\/reznor.pl\\\/index.php\\\/produkt\\\/nagrzewnica-gazowa-kondensacyjna-reznor-typ-rheco\\\/#primaryimage\"},\"image\":{\"@id\":\"https:\\\/\\\/reznor.pl\\\/index.php\\\/produkt\\\/nagrzewnica-gazowa-kondensacyjna-reznor-typ-rheco\\\/#primaryimage\"},\"thumbnailUrl\":\"https:\\\/\\\/reznor.pl\\\/wp-content\\\/uploads\\\/2023\\\/05\\\/RHeco.jpg\",\"datePublished\":\"2024-12-30T12:28:54+00:00\",\"dateModified\":\"2026-02-26T09:56:28+00:00\",\"description\":\"Nagrzewnica gazowa kondensacyjna Reznor typ Rheco ma sprawno\u015b\u0107 do 109% przy cz\u0119\u015bciowym obci\u0105\u017ceniu i 100% przy pe\u0142nym obci\u0105\u017ceniu oraz NOx i CO2 poni\u017cej 25 ppm.\",\"breadcrumb\":{\"@id\":\"https:\\\/\\\/reznor.pl\\\/index.php\\\/produkt\\\/nagrzewnica-gazowa-kondensacyjna-reznor-typ-rheco\\\/#breadcrumb\"},\"inLanguage\":\"pl-PL\",\"potentialAction\":[{\"@type\":\"ReadAction\",\"target\":[\"https:\\\/\\\/reznor.pl\\\/index.php\\\/produkt\\\/nagrzewnica-gazowa-kondensacyjna-reznor-typ-rheco\\\/\"]}]},{\"@type\":\"ImageObject\",\"inLanguage\":\"pl-PL\",\"@id\":\"https:\\\/\\\/reznor.pl\\\/index.php\\\/produkt\\\/nagrzewnica-gazowa-kondensacyjna-reznor-typ-rheco\\\/#primaryimage\",\"url\":\"https:\\\/\\\/reznor.pl\\\/wp-content\\\/uploads\\\/2023\\\/05\\\/RHeco.jpg\",\"contentUrl\":\"https:\\\/\\\/reznor.pl\\\/wp-content\\\/uploads\\\/2023\\\/05\\\/RHeco.jpg\",\"width\":251,\"height\":222},{\"@type\":\"BreadcrumbList\",\"@id\":\"https:\\\/\\\/reznor.pl\\\/index.php\\\/produkt\\\/nagrzewnica-gazowa-kondensacyjna-reznor-typ-rheco\\\/#breadcrumb\",\"itemListElement\":[{\"@type\":\"ListItem\",\"position\":1,\"name\":\"Strona g\u0142\u00f3wna\",\"item\":\"https:\\\/\\\/reznor.pl\\\/\"},{\"@type\":\"ListItem\",\"position\":2,\"name\":\"Sklep\",\"item\":\"https:\\\/\\\/reznor.pl\\\/index.php\\\/sklep\\\/\"},{\"@type\":\"ListItem\",\"position\":3,\"name\":\"Nagrzewnica gazowa kondensacyjna Reznor typ Rheco\"}]},{\"@type\":\"WebSite\",\"@id\":\"https:\\\/\\\/reznor.pl\\\/#website\",\"url\":\"https:\\\/\\\/reznor.pl\\\/\",\"name\":\"Reznor\",\"description\":\"Od ponad 137 lat ufamy, \u017ce przekraczamy oczekiwania naszych klient\u00f3w, dostarczaj\u0105c skuteczne i ekonomiczne produkty i rozwi\u0105zania dzi\u0119ki wiedzy specjalistycznej, partnerstwu i innowacjom.\",\"potentialAction\":[{\"@type\":\"SearchAction\",\"target\":{\"@type\":\"EntryPoint\",\"urlTemplate\":\"https:\\\/\\\/reznor.pl\\\/?s={search_term_string}\"},\"query-input\":{\"@type\":\"PropertyValueSpecification\",\"valueRequired\":true,\"valueName\":\"search_term_string\"}}],\"inLanguage\":\"pl-PL\"}]}<\/script>\n<!-- \/ Yoast SEO plugin. -->","yoast_head_json":{"title":"Nagrzewnica gazowa kondensacyjna Reznor typ Rheco - Reznor","description":"Nagrzewnica gazowa kondensacyjna Reznor typ Rheco ma sprawno\u015b\u0107 do 109% przy cz\u0119\u015bciowym obci\u0105\u017ceniu i 100% przy pe\u0142nym obci\u0105\u017ceniu oraz NOx i CO2 poni\u017cej 25 ppm.","robots":{"index":"index","follow":"follow","max-snippet":"max-snippet:-1","max-image-preview":"max-image-preview:large","max-video-preview":"max-video-preview:-1"},"canonical":"https:\/\/reznor.pl\/index.php\/produkt\/nagrzewnica-gazowa-kondensacyjna-reznor-typ-rheco\/","og_locale":"pl_PL","og_type":"article","og_title":"Nagrzewnica gazowa kondensacyjna Reznor typ Rheco - Reznor","og_description":"Nagrzewnica gazowa kondensacyjna Reznor typ Rheco ma sprawno\u015b\u0107 do 109% przy cz\u0119\u015bciowym obci\u0105\u017ceniu i 100% przy pe\u0142nym obci\u0105\u017ceniu oraz NOx i CO2 poni\u017cej 25 ppm.","og_url":"https:\/\/reznor.pl\/index.php\/produkt\/nagrzewnica-gazowa-kondensacyjna-reznor-typ-rheco\/","og_site_name":"Reznor","article_modified_time":"2026-02-26T09:56:28+00:00","og_image":[{"width":251,"height":222,"url":"https:\/\/reznor.pl\/wp-content\/uploads\/2023\/05\/RHeco.jpg","type":"image\/jpeg"}],"twitter_card":"summary_large_image","twitter_misc":{"Szacowany czas czytania":"2 minuty"},"schema":{"@context":"https:\/\/schema.org","@graph":[{"@type":"WebPage","@id":"https:\/\/reznor.pl\/index.php\/produkt\/nagrzewnica-gazowa-kondensacyjna-reznor-typ-rheco\/","url":"https:\/\/reznor.pl\/index.php\/produkt\/nagrzewnica-gazowa-kondensacyjna-reznor-typ-rheco\/","name":"Nagrzewnica gazowa kondensacyjna Reznor typ Rheco - Reznor","isPartOf":{"@id":"https:\/\/reznor.pl\/#website"},"primaryImageOfPage":{"@id":"https:\/\/reznor.pl\/index.php\/produkt\/nagrzewnica-gazowa-kondensacyjna-reznor-typ-rheco\/#primaryimage"},"image":{"@id":"https:\/\/reznor.pl\/index.php\/produkt\/nagrzewnica-gazowa-kondensacyjna-reznor-typ-rheco\/#primaryimage"},"thumbnailUrl":"https:\/\/reznor.pl\/wp-content\/uploads\/2023\/05\/RHeco.jpg","datePublished":"2024-12-30T12:28:54+00:00","dateModified":"2026-02-26T09:56:28+00:00","description":"Nagrzewnica gazowa kondensacyjna Reznor typ Rheco ma sprawno\u015b\u0107 do 109% przy cz\u0119\u015bciowym obci\u0105\u017ceniu i 100% przy pe\u0142nym obci\u0105\u017ceniu oraz NOx i CO2 poni\u017cej 25 ppm.","breadcrumb":{"@id":"https:\/\/reznor.pl\/index.php\/produkt\/nagrzewnica-gazowa-kondensacyjna-reznor-typ-rheco\/#breadcrumb"},"inLanguage":"pl-PL","potentialAction":[{"@type":"ReadAction","target":["https:\/\/reznor.pl\/index.php\/produkt\/nagrzewnica-gazowa-kondensacyjna-reznor-typ-rheco\/"]}]},{"@type":"ImageObject","inLanguage":"pl-PL","@id":"https:\/\/reznor.pl\/index.php\/produkt\/nagrzewnica-gazowa-kondensacyjna-reznor-typ-rheco\/#primaryimage","url":"https:\/\/reznor.pl\/wp-content\/uploads\/2023\/05\/RHeco.jpg","contentUrl":"https:\/\/reznor.pl\/wp-content\/uploads\/2023\/05\/RHeco.jpg","width":251,"height":222},{"@type":"BreadcrumbList","@id":"https:\/\/reznor.pl\/index.php\/produkt\/nagrzewnica-gazowa-kondensacyjna-reznor-typ-rheco\/#breadcrumb","itemListElement":[{"@type":"ListItem","position":1,"name":"Strona g\u0142\u00f3wna","item":"https:\/\/reznor.pl\/"},{"@type":"ListItem","position":2,"name":"Sklep","item":"https:\/\/reznor.pl\/index.php\/sklep\/"},{"@type":"ListItem","position":3,"name":"Nagrzewnica gazowa kondensacyjna Reznor typ Rheco"}]},{"@type":"WebSite","@id":"https:\/\/reznor.pl\/#website","url":"https:\/\/reznor.pl\/","name":"Reznor","description":"Od ponad 137 lat ufamy, \u017ce przekraczamy oczekiwania naszych klient\u00f3w, dostarczaj\u0105c skuteczne i ekonomiczne produkty i rozwi\u0105zania dzi\u0119ki wiedzy specjalistycznej, partnerstwu i innowacjom.","potentialAction":[{"@type":"SearchAction","target":{"@type":"EntryPoint","urlTemplate":"https:\/\/reznor.pl\/?s={search_term_string}"},"query-input":{"@type":"PropertyValueSpecification","valueRequired":true,"valueName":"search_term_string"}}],"inLanguage":"pl-PL"}]}},"_links":{"self":[{"href":"https:\/\/reznor.pl\/index.php\/wp-json\/wp\/v2\/product\/254","targetHints":{"allow":["GET"]}}],"collection":[{"href":"https:\/\/reznor.pl\/index.php\/wp-json\/wp\/v2\/product"}],"about":[{"href":"https:\/\/reznor.pl\/index.php\/wp-json\/wp\/v2\/types\/product"}],"wp:featuredmedia":[{"embeddable":true,"href":"https:\/\/reznor.pl\/index.php\/wp-json\/wp\/v2\/media\/127"}],"wp:attachment":[{"href":"https:\/\/reznor.pl\/index.php\/wp-json\/wp\/v2\/media?parent=254"}],"wp:term":[{"taxonomy":"product_brand","embeddable":true,"href":"https:\/\/reznor.pl\/index.php\/wp-json\/wp\/v2\/product_brand?post=254"},{"taxonomy":"product_cat","embeddable":true,"href":"https:\/\/reznor.pl\/index.php\/wp-json\/wp\/v2\/product_cat?post=254"},{"taxonomy":"product_tag","embeddable":true,"href":"https:\/\/reznor.pl\/index.php\/wp-json\/wp\/v2\/product_tag?post=254"}],"curies":[{"name":"wp","href":"https:\/\/api.w.org\/{rel}","templated":true}]}}